{"id":461,"date":"2022-06-06T15:44:46","date_gmt":"2022-06-06T13:44:46","guid":{"rendered":"https:\/\/giraudmeubles.fr\/?page_id=461"},"modified":"2024-01-13T11:19:41","modified_gmt":"2024-01-13T10:19:41","slug":"poele","status":"publish","type":"page","link":"https:\/\/giraudmeubles.fr\/index.php\/poele\/","title":{"rendered":"Po\u00eale &#038; Chemin\u00e9e"},"content":{"rendered":"\t\t<div data-elementor-type=\"wp-page\" data-elementor-id=\"461\" class=\"elementor elementor-461\" data-elementor-settings=\"[]\">\n\t\t\t\t\t\t\t<div class=\"elementor-section-wrap\">\n\t\t\t\t\t\t\t<section class=\"elementor-section elementor-top-section elementor-element elementor-element-3b40ee2d elementor-section-boxed elementor-section-height-default elementor-section-height-default\" data-id=\"3b40ee2d\" data-element_type=\"section\" data-settings=\"{&quot;background_background&quot;:&quot;classic&quot;}\">\n\t\t\t\t\t\t\t<div class=\"elementor-background-overlay\"><\/div>\n\t\t\t\t\t\t\t<div class=\"elementor-container elementor-column-gap-no\">\n\t\t\t\t\t<div class=\"elementor-column elementor-col-100 elementor-top-column elementor-element elementor-element-49d7c024\" data-id=\"49d7c024\" data-element_type=\"column\">\n\t\t\t<div class=\"elementor-widget-wrap elementor-element-populated\">\n\t\t\t\t\t\t\t\t<div class=\"elementor-element elementor-element-1b98e169 elementor-widget elementor-widget-heading\" data-id=\"1b98e169\" data-element_type=\"widget\" data-widget_type=\"heading.default\">\n\t\t\t\t<div class=\"elementor-widget-container\">\n\t\t\t<style>\/*! elementor - v3.5.6 - 28-02-2022 *\/\n.elementor-heading-title{padding:0;margin:0;line-height:1}.elementor-widget-heading .elementor-heading-title[class*=elementor-size-]>a{color:inherit;font-size:inherit;line-height:inherit}.elementor-widget-heading .elementor-heading-title.elementor-size-small{font-size:15px}.elementor-widget-heading .elementor-heading-title.elementor-size-medium{font-size:19px}.elementor-widget-heading .elementor-heading-title.elementor-size-large{font-size:29px}.elementor-widget-heading .elementor-heading-title.elementor-size-xl{font-size:39px}.elementor-widget-heading .elementor-heading-title.elementor-size-xxl{font-size:59px}<\/style><h1 class=\"elementor-heading-title elementor-size-default\">Po\u00eale &amp; Chemin\u00e9e<\/h1>\t\t<\/div>\n\t\t\t\t<\/div>\n\t\t\t\t<div class=\"elementor-element elementor-element-17ec73a6 elementor-widget-divider--view-line elementor-widget elementor-widget-divider\" data-id=\"17ec73a6\" data-element_type=\"widget\" data-widget_type=\"divider.default\">\n\t\t\t\t<div class=\"elementor-widget-container\">\n\t\t\t<style>\/*! elementor - v3.5.6 - 28-02-2022 *\/\n.elementor-widget-divider{--divider-border-style:none;--divider-border-width:1px;--divider-color:#2c2c2c;--divider-icon-size:20px;--divider-element-spacing:10px;--divider-pattern-height:24px;--divider-pattern-size:20px;--divider-pattern-url:none;--divider-pattern-repeat:repeat-x}.elementor-widget-divider .elementor-divider{display:-webkit-box;display:-ms-flexbox;display:flex}.elementor-widget-divider .elementor-divider__text{font-size:15px;line-height:1;max-width:95%}.elementor-widget-divider .elementor-divider__element{margin:0 var(--divider-element-spacing);-ms-flex-negative:0;flex-shrink:0}.elementor-widget-divider .elementor-icon{font-size:var(--divider-icon-size)}.elementor-widget-divider .elementor-divider-separator{display:-webkit-box;display:-ms-flexbox;display:flex;margin:0;direction:ltr}.elementor-widget-divider--view-line_icon .elementor-divider-separator,.elementor-widget-divider--view-line_text .elementor-divider-separator{-webkit-box-align:center;-ms-flex-align:center;align-items:center}.elementor-widget-divider--view-line_icon .elementor-divider-separator:after,.elementor-widget-divider--view-line_icon .elementor-divider-separator:before,.elementor-widget-divider--view-line_text .elementor-divider-separator:after,.elementor-widget-divider--view-line_text .elementor-divider-separator:before{display:block;content:\"\";border-bottom:0;-webkit-box-flex:1;-ms-flex-positive:1;flex-grow:1;border-top:var(--divider-border-width) var(--divider-border-style) var(--divider-color)}.elementor-widget-divider--element-align-left .elementor-divider .elementor-divider-separator>.elementor-divider__svg:first-of-type{-webkit-box-flex:0;-ms-flex-positive:0;flex-grow:0;-ms-flex-negative:100;flex-shrink:100}.elementor-widget-divider--element-align-left .elementor-divider-separator:before{content:none}.elementor-widget-divider--element-align-left .elementor-divider__element{margin-left:0}.elementor-widget-divider--element-align-right .elementor-divider .elementor-divider-separator>.elementor-divider__svg:last-of-type{-webkit-box-flex:0;-ms-flex-positive:0;flex-grow:0;-ms-flex-negative:100;flex-shrink:100}.elementor-widget-divider--element-align-right .elementor-divider-separator:after{content:none}.elementor-widget-divider--element-align-right .elementor-divider__element{margin-right:0}.elementor-widget-divider:not(.elementor-widget-divider--view-line_text):not(.elementor-widget-divider--view-line_icon) .elementor-divider-separator{border-top:var(--divider-border-width) var(--divider-border-style) var(--divider-color)}.elementor-widget-divider--separator-type-pattern{--divider-border-style:none}.elementor-widget-divider--separator-type-pattern.elementor-widget-divider--view-line .elementor-divider-separator,.elementor-widget-divider--separator-type-pattern:not(.elementor-widget-divider--view-line) .elementor-divider-separator:after,.elementor-widget-divider--separator-type-pattern:not(.elementor-widget-divider--view-line) .elementor-divider-separator:before,.elementor-widget-divider--separator-type-pattern:not([class*=elementor-widget-divider--view]) .elementor-divider-separator{width:100%;min-height:var(--divider-pattern-height);-webkit-mask-size:var(--divider-pattern-size) 100%;mask-size:var(--divider-pattern-size) 100%;-webkit-mask-repeat:var(--divider-pattern-repeat);mask-repeat:var(--divider-pattern-repeat);background-color:var(--divider-color);-webkit-mask-image:var(--divider-pattern-url);mask-image:var(--divider-pattern-url)}.elementor-widget-divider--no-spacing{--divider-pattern-size:auto}.elementor-widget-divider--bg-round{--divider-pattern-repeat:round}.rtl .elementor-widget-divider .elementor-divider__text{direction:rtl}<\/style>\t\t<div class=\"elementor-divider\">\n\t\t\t<span class=\"elementor-divider-separator\">\n\t\t\t\t\t\t<\/span>\n\t\t<\/div>\n\t\t\t\t<\/div>\n\t\t\t\t<\/div>\n\t\t\t\t\t<\/div>\n\t\t<\/div>\n\t\t\t\t\t\t\t<\/div>\n\t\t<\/section>\n\t\t\t\t<section class=\"elementor-section elementor-top-section elementor-element elementor-element-aebb50d elementor-section-boxed elementor-section-height-default elementor-section-height-default\" data-id=\"aebb50d\" data-element_type=\"section\">\n\t\t\t\t\t\t<div class=\"elementor-container elementor-column-gap-default\">\n\t\t\t\t\t<div class=\"elementor-column elementor-col-100 elementor-top-column elementor-element elementor-element-52b5807\" data-id=\"52b5807\" data-element_type=\"column\">\n\t\t\t<div class=\"elementor-widget-wrap elementor-element-populated\">\n\t\t\t\t\t\t\t\t<div class=\"elementor-element elementor-element-ea109f0 elementor-widget elementor-widget-text-editor\" data-id=\"ea109f0\" data-element_type=\"widget\" data-widget_type=\"text-editor.default\">\n\t\t\t\t<div class=\"elementor-widget-container\">\n\t\t\t<style>\/*! elementor - v3.5.6 - 28-02-2022 *\/\n.elementor-widget-text-editor.elementor-drop-cap-view-stacked .elementor-drop-cap{background-color:#818a91;color:#fff}.elementor-widget-text-editor.elementor-drop-cap-view-framed .elementor-drop-cap{color:#818a91;border:3px solid;background-color:transparent}.elementor-widget-text-editor:not(.elementor-drop-cap-view-default) .elementor-drop-cap{margin-top:8px}.elementor-widget-text-editor:not(.elementor-drop-cap-view-default) .elementor-drop-cap-letter{width:1em;height:1em}.elementor-widget-text-editor .elementor-drop-cap{float:left;text-align:center;line-height:1;font-size:50px}.elementor-widget-text-editor .elementor-drop-cap-letter{display:inline-block}<\/style>\t\t\t\t<p>D\u00e9couvrez l&rsquo;\u00e9l\u00e9gance et la performance de <strong>nos po\u00eales,<\/strong> issus de marques renomm\u00e9es telles que <strong>Heta, Termatech, Lotus, Richard Ledroff, et bien d&rsquo;autres.<\/strong> Nos experts qualifi\u00e9s, avec des poseurs de grande qualit\u00e9 et un service commercial d\u00e9di\u00e9, sont l\u00e0 pour vous offrir <strong>une exp\u00e9rience exceptionnelle.<\/strong><\/p><p>Laissez-nous vous guider parmi notre vaste s\u00e9lection et choisir le syst\u00e8me de chauffage id\u00e9al en fonction de votre budget, de l&rsquo;espace disponible, de votre famille et de votre mode de vie. Que vous optiez pour des<strong> po\u00eales \u00e0 bois, des po\u00eales \u00e0 granul\u00e9s ou \u00e0 pellets, des po\u00eales de masse ou des chemin\u00e9es,<\/strong> notre \u00e9quipe assure non seulement la vente, mais \u00e9galement l&rsquo;installation directe \u00e0 votre domicile.<\/p><p>Nous mettons <strong>un point d&rsquo;honneur \u00e0 garantir votre s\u00e9curit\u00e9 et \u00e0 maximiser l&rsquo;efficacit\u00e9 de votre syst\u00e8me de chauffage.<\/strong> Faites de votre espace de vie un endroit chaleureux et accueillant avec nos po\u00eales haut de gamme, soutenus par le savoir-faire de nos professionnels d\u00e9vou\u00e9s.<\/p>\t\t\t\t\t\t<\/div>\n\t\t\t\t<\/div>\n\t\t\t\t\t<\/div>\n\t\t<\/div>\n\t\t\t\t\t\t\t<\/div>\n\t\t<\/section>\n\t\t\t\t<section class=\"elementor-section elementor-top-section elementor-element elementor-element-4438491 elementor-section-boxed elementor-section-height-default elementor-section-height-default\" data-id=\"4438491\" data-element_type=\"section\">\n\t\t\t\t\t\t<div class=\"elementor-container elementor-column-gap-default\">\n\t\t\t\t\t<div class=\"elementor-column elementor-col-33 elementor-top-column elementor-element elementor-element-c2eb10d\" data-id=\"c2eb10d\" data-element_type=\"column\">\n\t\t\t<div class=\"elementor-widget-wrap elementor-element-populated\">\n\t\t\t\t\t\t\t\t<div class=\"elementor-element elementor-element-b8cbd0b elementor-widget elementor-widget-image\" data-id=\"b8cbd0b\" data-element_type=\"widget\" data-widget_type=\"image.default\">\n\t\t\t\t<div class=\"elementor-widget-container\">\n\t\t\t<style>\/*! elementor - v3.5.6 - 28-02-2022 *\/\n.elementor-widget-image{text-align:center}.elementor-widget-image a{display:inline-block}.elementor-widget-image a img[src$=\".svg\"]{width:48px}.elementor-widget-image img{vertical-align:middle;display:inline-block}<\/style>\t\t\t\t\t\t\t\t\t\t\t\t<img loading=\"lazy\" decoding=\"async\" width=\"750\" height=\"1024\" src=\"https:\/\/giraudmeubles.fr\/wp-content\/uploads\/2022\/06\/Capture-decran-2022-06-06-a-19.05.29-750x1024.png\" class=\"attachment-large size-large\" alt=\"\" srcset=\"https:\/\/giraudmeubles.fr\/wp-content\/uploads\/2022\/06\/Capture-decran-2022-06-06-a-19.05.29-750x1024.png 750w, https:\/\/giraudmeubles.fr\/wp-content\/uploads\/2022\/06\/Capture-decran-2022-06-06-a-19.05.29-220x300.png 220w, https:\/\/giraudmeubles.fr\/wp-content\/uploads\/2022\/06\/Capture-decran-2022-06-06-a-19.05.29-768x1049.png 768w, https:\/\/giraudmeubles.fr\/wp-content\/uploads\/2022\/06\/Capture-decran-2022-06-06-a-19.05.29.png 994w\" sizes=\"auto, (max-width: 750px) 100vw, 750px\" \/>\t\t\t\t\t\t\t\t\t\t\t\t\t\t\t<\/div>\n\t\t\t\t<\/div>\n\t\t\t\t\t<\/div>\n\t\t<\/div>\n\t\t\t\t<div class=\"elementor-column elementor-col-33 elementor-top-column elementor-element elementor-element-738fb9e\" data-id=\"738fb9e\" data-element_type=\"column\">\n\t\t\t<div class=\"elementor-widget-wrap elementor-element-populated\">\n\t\t\t\t\t\t\t\t<div class=\"elementor-element elementor-element-339cda0 elementor-widget elementor-widget-image\" data-id=\"339cda0\" data-element_type=\"widget\" data-widget_type=\"image.default\">\n\t\t\t\t<div class=\"elementor-widget-container\">\n\t\t\t\t\t\t\t\t\t\t\t\t\t\t\t<img loading=\"lazy\" decoding=\"async\" width=\"908\" height=\"792\" src=\"https:\/\/giraudmeubles.fr\/wp-content\/uploads\/2024\/01\/poele.png\" class=\"attachment-large size-large\" alt=\"\" srcset=\"https:\/\/giraudmeubles.fr\/wp-content\/uploads\/2024\/01\/poele.png 908w, https:\/\/giraudmeubles.fr\/wp-content\/uploads\/2024\/01\/poele-300x262.png 300w, https:\/\/giraudmeubles.fr\/wp-content\/uploads\/2024\/01\/poele-768x670.png 768w\" sizes=\"auto, (max-width: 908px) 100vw, 908px\" \/>\t\t\t\t\t\t\t\t\t\t\t\t\t\t\t<\/div>\n\t\t\t\t<\/div>\n\t\t\t\t\t<\/div>\n\t\t<\/div>\n\t\t\t\t<div class=\"elementor-column elementor-col-33 elementor-top-column elementor-element elementor-element-ade6643\" data-id=\"ade6643\" data-element_type=\"column\">\n\t\t\t<div class=\"elementor-widget-wrap elementor-element-populated\">\n\t\t\t\t\t\t\t\t<div class=\"elementor-element elementor-element-457fdd2 elementor-widget elementor-widget-image\" data-id=\"457fdd2\" data-element_type=\"widget\" data-widget_type=\"image.default\">\n\t\t\t\t<div class=\"elementor-widget-container\">\n\t\t\t\t\t\t\t\t\t\t\t\t\t\t\t<img loading=\"lazy\" decoding=\"async\" width=\"769\" height=\"1024\" src=\"https:\/\/giraudmeubles.fr\/wp-content\/uploads\/2024\/01\/Sans-titre-769x1024.jpg\" class=\"attachment-large size-large\" alt=\"\" srcset=\"https:\/\/giraudmeubles.fr\/wp-content\/uploads\/2024\/01\/Sans-titre-769x1024.jpg 769w, https:\/\/giraudmeubles.fr\/wp-content\/uploads\/2024\/01\/Sans-titre-225x300.jpg 225w, https:\/\/giraudmeubles.fr\/wp-content\/uploads\/2024\/01\/Sans-titre-768x1023.jpg 768w, https:\/\/giraudmeubles.fr\/wp-content\/uploads\/2024\/01\/Sans-titre-1153x1536.jpg 1153w, https:\/\/giraudmeubles.fr\/wp-content\/uploads\/2024\/01\/Sans-titre.jpg 1390w\" sizes=\"auto, (max-width: 769px) 100vw, 769px\" \/>\t\t\t\t\t\t\t\t\t\t\t\t\t\t\t<\/div>\n\t\t\t\t<\/div>\n\t\t\t\t\t<\/div>\n\t\t<\/div>\n\t\t\t\t\t\t\t<\/div>\n\t\t<\/section>\n\t\t\t\t<section class=\"elementor-section elementor-top-section elementor-element elementor-element-c6f8333 elementor-section-boxed elementor-section-height-default elementor-section-height-default\" data-id=\"c6f8333\" data-element_type=\"section\">\n\t\t\t\t\t\t<div class=\"elementor-container elementor-column-gap-default\">\n\t\t\t\t\t<div class=\"elementor-column elementor-col-100 elementor-top-column elementor-element elementor-element-ef174b3\" data-id=\"ef174b3\" data-element_type=\"column\">\n\t\t\t<div class=\"elementor-widget-wrap elementor-element-populated\">\n\t\t\t\t\t\t\t\t<div class=\"elementor-element elementor-element-7d84f7b elementor-widget elementor-widget-heading\" data-id=\"7d84f7b\" data-element_type=\"widget\" data-widget_type=\"heading.default\">\n\t\t\t\t<div class=\"elementor-widget-container\">\n\t\t\t<h2 class=\"elementor-heading-title elementor-size-large\">NOS MARQUES RENOMM\u00c9ES <\/h2>\t\t<\/div>\n\t\t\t\t<\/div>\n\t\t\t\t\t<\/div>\n\t\t<\/div>\n\t\t\t\t\t\t\t<\/div>\n\t\t<\/section>\n\t\t\t\t<section class=\"elementor-section elementor-top-section elementor-element elementor-element-35e774b elementor-section-boxed elementor-section-height-default elementor-section-height-default\" data-id=\"35e774b\" data-element_type=\"section\">\n\t\t\t\t\t\t<div class=\"elementor-container elementor-column-gap-default\">\n\t\t\t\t\t<div class=\"elementor-column elementor-col-20 elementor-top-column elementor-element elementor-element-0a08195\" data-id=\"0a08195\" data-element_type=\"column\">\n\t\t\t<div class=\"elementor-widget-wrap elementor-element-populated\">\n\t\t\t\t\t\t\t\t<div class=\"elementor-element elementor-element-bbdec57 elementor-widget elementor-widget-image\" data-id=\"bbdec57\" data-element_type=\"widget\" data-widget_type=\"image.default\">\n\t\t\t\t<div class=\"elementor-widget-container\">\n\t\t\t\t\t\t\t\t\t\t\t\t\t\t\t<img loading=\"lazy\" decoding=\"async\" width=\"296\" height=\"298\" src=\"https:\/\/giraudmeubles.fr\/wp-content\/uploads\/2024\/01\/heta.jpg\" class=\"attachment-large size-large\" alt=\"\" srcset=\"https:\/\/giraudmeubles.fr\/wp-content\/uploads\/2024\/01\/heta.jpg 296w, https:\/\/giraudmeubles.fr\/wp-content\/uploads\/2024\/01\/heta-150x150.jpg 150w\" sizes=\"auto, (max-width: 296px) 100vw, 296px\" \/>\t\t\t\t\t\t\t\t\t\t\t\t\t\t\t<\/div>\n\t\t\t\t<\/div>\n\t\t\t\t\t<\/div>\n\t\t<\/div>\n\t\t\t\t<div class=\"elementor-column elementor-col-20 elementor-top-column elementor-element elementor-element-2157043\" data-id=\"2157043\" data-element_type=\"column\">\n\t\t\t<div class=\"elementor-widget-wrap elementor-element-populated\">\n\t\t\t\t\t\t\t\t<div class=\"elementor-element elementor-element-c6d2b1f elementor-widget elementor-widget-image\" data-id=\"c6d2b1f\" data-element_type=\"widget\" data-widget_type=\"image.default\">\n\t\t\t\t<div class=\"elementor-widget-container\">\n\t\t\t\t\t\t\t\t\t\t\t\t\t\t\t<img loading=\"lazy\" decoding=\"async\" width=\"908\" height=\"326\" src=\"https:\/\/giraudmeubles.fr\/wp-content\/uploads\/2024\/01\/Termatech.png\" class=\"attachment-large size-large\" alt=\"\" srcset=\"https:\/\/giraudmeubles.fr\/wp-content\/uploads\/2024\/01\/Termatech.png 908w, https:\/\/giraudmeubles.fr\/wp-content\/uploads\/2024\/01\/Termatech-300x108.png 300w, https:\/\/giraudmeubles.fr\/wp-content\/uploads\/2024\/01\/Termatech-768x276.png 768w\" sizes=\"auto, (max-width: 908px) 100vw, 908px\" \/>\t\t\t\t\t\t\t\t\t\t\t\t\t\t\t<\/div>\n\t\t\t\t<\/div>\n\t\t\t\t\t<\/div>\n\t\t<\/div>\n\t\t\t\t<div class=\"elementor-column elementor-col-20 elementor-top-column elementor-element elementor-element-53ebecf\" data-id=\"53ebecf\" data-element_type=\"column\">\n\t\t\t<div class=\"elementor-widget-wrap elementor-element-populated\">\n\t\t\t\t\t\t\t\t<div class=\"elementor-element elementor-element-71f2e3f elementor-widget elementor-widget-image\" data-id=\"71f2e3f\" data-element_type=\"widget\" data-widget_type=\"image.default\">\n\t\t\t\t<div class=\"elementor-widget-container\">\n\t\t\t\t\t\t\t\t\t\t\t\t\t\t\t<img loading=\"lazy\" decoding=\"async\" width=\"226\" height=\"226\" src=\"https:\/\/giraudmeubles.fr\/wp-content\/uploads\/2024\/01\/cmg.png\" class=\"attachment-large size-large\" alt=\"\" srcset=\"https:\/\/giraudmeubles.fr\/wp-content\/uploads\/2024\/01\/cmg.png 226w, https:\/\/giraudmeubles.fr\/wp-content\/uploads\/2024\/01\/cmg-150x150.png 150w\" sizes=\"auto, (max-width: 226px) 100vw, 226px\" \/>\t\t\t\t\t\t\t\t\t\t\t\t\t\t\t<\/div>\n\t\t\t\t<\/div>\n\t\t\t\t\t<\/div>\n\t\t<\/div>\n\t\t\t\t<div class=\"elementor-column elementor-col-20 elementor-top-column elementor-element elementor-element-a42adfa\" data-id=\"a42adfa\" data-element_type=\"column\">\n\t\t\t<div class=\"elementor-widget-wrap elementor-element-populated\">\n\t\t\t\t\t\t\t\t<div class=\"elementor-element elementor-element-1803b32 elementor-widget elementor-widget-image\" data-id=\"1803b32\" data-element_type=\"widget\" data-widget_type=\"image.default\">\n\t\t\t\t<div class=\"elementor-widget-container\">\n\t\t\t\t\t\t\t\t\t\t\t\t\t\t\t<img loading=\"lazy\" decoding=\"async\" width=\"600\" height=\"200\" src=\"https:\/\/giraudmeubles.fr\/wp-content\/uploads\/2024\/01\/supra.png\" class=\"attachment-large size-large\" alt=\"\" srcset=\"https:\/\/giraudmeubles.fr\/wp-content\/uploads\/2024\/01\/supra.png 600w, https:\/\/giraudmeubles.fr\/wp-content\/uploads\/2024\/01\/supra-300x100.png 300w\" sizes=\"auto, (max-width: 600px) 100vw, 600px\" \/>\t\t\t\t\t\t\t\t\t\t\t\t\t\t\t<\/div>\n\t\t\t\t<\/div>\n\t\t\t\t\t<\/div>\n\t\t<\/div>\n\t\t\t\t<div class=\"elementor-column elementor-col-20 elementor-top-column elementor-element elementor-element-f6fb1c0\" data-id=\"f6fb1c0\" data-element_type=\"column\">\n\t\t\t<div class=\"elementor-widget-wrap elementor-element-populated\">\n\t\t\t\t\t\t\t\t<div class=\"elementor-element elementor-element-4339639 elementor-widget elementor-widget-image\" data-id=\"4339639\" data-element_type=\"widget\" data-widget_type=\"image.default\">\n\t\t\t\t<div class=\"elementor-widget-container\">\n\t\t\t\t\t\t\t\t\t\t\t\t\t\t\t<img loading=\"lazy\" decoding=\"async\" width=\"908\" height=\"532\" src=\"https:\/\/giraudmeubles.fr\/wp-content\/uploads\/2024\/01\/Richard.png\" class=\"attachment-large size-large\" alt=\"\" srcset=\"https:\/\/giraudmeubles.fr\/wp-content\/uploads\/2024\/01\/Richard.png 908w, https:\/\/giraudmeubles.fr\/wp-content\/uploads\/2024\/01\/Richard-300x176.png 300w, https:\/\/giraudmeubles.fr\/wp-content\/uploads\/2024\/01\/Richard-768x450.png 768w\" sizes=\"auto, (max-width: 908px) 100vw, 908px\" \/>\t\t\t\t\t\t\t\t\t\t\t\t\t\t\t<\/div>\n\t\t\t\t<\/div>\n\t\t\t\t\t<\/div>\n\t\t<\/div>\n\t\t\t\t\t\t\t<\/div>\n\t\t<\/section>\n\t\t\t\t<section class=\"elementor-section elementor-top-section elementor-element elementor-element-2935126 elementor-section-boxed elementor-section-height-default elementor-section-height-default\" data-id=\"2935126\" data-element_type=\"section\">\n\t\t\t\t\t\t<div class=\"elementor-container elementor-column-gap-default\">\n\t\t\t\t\t<div class=\"elementor-column elementor-col-100 elementor-top-column elementor-element elementor-element-adc3441\" data-id=\"adc3441\" data-element_type=\"column\">\n\t\t\t<div class=\"elementor-widget-wrap elementor-element-populated\">\n\t\t\t\t\t\t\t\t<div class=\"elementor-element elementor-element-ef64d00 elementor-widget elementor-widget-text-editor\" data-id=\"ef64d00\" data-element_type=\"widget\" data-widget_type=\"text-editor.default\">\n\t\t\t\t<div class=\"elementor-widget-container\">\n\t\t\t\t\t\t\t<p><strong>\u2728Suivez-nous pour ne rien manquer :\u2728<\/strong><\/p>\t\t\t\t\t\t<\/div>\n\t\t\t\t<\/div>\n\t\t\t\t<div class=\"elementor-element elementor-element-45cdcf8 elementor-view-stacked elementor-shape-circle elementor-widget elementor-widget-icon\" data-id=\"45cdcf8\" data-element_type=\"widget\" data-widget_type=\"icon.default\">\n\t\t\t\t<div class=\"elementor-widget-container\">\n\t\t\t\t\t<div class=\"elementor-icon-wrapper\">\n\t\t\t<a class=\"elementor-icon\" href=\"https:\/\/www.facebook.com\/MeublesGiraud\">\n\t\t\t<i aria-hidden=\"true\" class=\"fab fa-facebook-square\"><\/i>\t\t\t<\/a>\n\t\t<\/div>\n\t\t\t\t<\/div>\n\t\t\t\t<\/div>\n\t\t\t\t<div class=\"elementor-element elementor-element-c05d163 elementor-view-stacked elementor-shape-circle elementor-widget elementor-widget-icon\" data-id=\"c05d163\" data-element_type=\"widget\" data-widget_type=\"icon.default\">\n\t\t\t\t<div class=\"elementor-widget-container\">\n\t\t\t\t\t<div class=\"elementor-icon-wrapper\">\n\t\t\t<a class=\"elementor-icon\" href=\"https:\/\/www.instagram.com\/meublesgiraud\/\">\n\t\t\t<i aria-hidden=\"true\" class=\"fab fa-instagram\"><\/i>\t\t\t<\/a>\n\t\t<\/div>\n\t\t\t\t<\/div>\n\t\t\t\t<\/div>\n\t\t\t\t\t<\/div>\n\t\t<\/div>\n\t\t\t\t\t\t\t<\/div>\n\t\t<\/section>\n\t\t\t\t<section class=\"elementor-section elementor-top-section elementor-element elementor-element-a891c5f elementor-section-boxed elementor-section-height-default elementor-section-height-default\" data-id=\"a891c5f\" data-element_type=\"section\">\n\t\t\t\t\t\t<div class=\"elementor-container elementor-column-gap-default\">\n\t\t\t\t\t<div class=\"elementor-column elementor-col-100 elementor-top-column elementor-element elementor-element-e754d64\" data-id=\"e754d64\" data-element_type=\"column\">\n\t\t\t<div class=\"elementor-widget-wrap elementor-element-populated\">\n\t\t\t\t\t\t\t\t<div class=\"elementor-element elementor-element-8374039 elementor-widget elementor-widget-image\" data-id=\"8374039\" data-element_type=\"widget\" data-widget_type=\"image.default\">\n\t\t\t\t<div class=\"elementor-widget-container\">\n\t\t\t\t\t\t\t\t\t\t\t\t\t\t\t<img loading=\"lazy\" decoding=\"async\" width=\"1024\" height=\"226\" src=\"https:\/\/giraudmeubles.fr\/wp-content\/uploads\/2024\/01\/Capture-decran-2023-11-23-a-13.22.28-1024x226.png\" class=\"attachment-large size-large\" alt=\"\" srcset=\"https:\/\/giraudmeubles.fr\/wp-content\/uploads\/2024\/01\/Capture-decran-2023-11-23-a-13.22.28-1024x226.png 1024w, https:\/\/giraudmeubles.fr\/wp-content\/uploads\/2024\/01\/Capture-decran-2023-11-23-a-13.22.28-300x66.png 300w, https:\/\/giraudmeubles.fr\/wp-content\/uploads\/2024\/01\/Capture-decran-2023-11-23-a-13.22.28-768x169.png 768w, https:\/\/giraudmeubles.fr\/wp-content\/uploads\/2024\/01\/Capture-decran-2023-11-23-a-13.22.28-1536x338.png 1536w, https:\/\/giraudmeubles.fr\/wp-content\/uploads\/2024\/01\/Capture-decran-2023-11-23-a-13.22.28.png 1652w\" sizes=\"auto, (max-width: 1024px) 100vw, 1024px\" \/>\t\t\t\t\t\t\t\t\t\t\t\t\t\t\t<\/div>\n\t\t\t\t<\/div>\n\t\t\t\t\t<\/div>\n\t\t<\/div>\n\t\t\t\t\t\t\t<\/div>\n\t\t<\/section>\n\t\t\t\t\t\t<\/div>\n\t\t\t\t\t<\/div>\n\t\t","protected":false},"excerpt":{"rendered":"<p>Po\u00eale &amp; Chemin\u00e9e D\u00e9couvrez l&rsquo;\u00e9l\u00e9gance et la performance de nos po\u00eales, issus de marques renomm\u00e9es telles que Heta, Termatech, Lotus, Richard Ledroff, et bien d&rsquo;autres. Nos experts qualifi\u00e9s, avec des poseurs de grande qualit\u00e9 et un service commercial d\u00e9di\u00e9, sont l\u00e0 pour vous offrir une exp\u00e9rience exceptionnelle. Laissez-nous vous guider parmi notre vaste s\u00e9lection et &hellip;<\/p>\n<p class=\"read-more\"> <a class=\"\" href=\"https:\/\/giraudmeubles.fr\/index.php\/poele\/\"> <span class=\"screen-reader-text\">Po\u00eale &#038; Chemin\u00e9e<\/span> Lire la suite\u00a0\u00bb<\/a><\/p>\n","protected":false},"author":1,"featured_media":0,"parent":0,"menu_order":0,"comment_status":"closed","ping_status":"closed","template":"","meta":{"site-sidebar-layout":"no-sidebar","site-content-layout":"page-builder","ast-main-header-display":"","ast-hfb-above-header-display":"","ast-hfb-below-header-display":"","ast-hfb-mobile-header-display":"","site-post-title":"disabled","ast-breadcrumbs-content":"","ast-featured-img":"disabled","footer-sml-layout":"","theme-transparent-header-meta":"enabled","adv-header-id-meta":"","stick-header-meta":"","header-above-stick-meta":"","header-main-stick-meta":"","header-below-stick-meta":"","footnotes":""},"class_list":["post-461","page","type-page","status-publish","hentry"],"_links":{"self":[{"href":"https:\/\/giraudmeubles.fr\/index.php\/wp-json\/wp\/v2\/pages\/461","targetHints":{"allow":["GET"]}}],"collection":[{"href":"https:\/\/giraudmeubles.fr\/index.php\/wp-json\/wp\/v2\/pages"}],"about":[{"href":"https:\/\/giraudmeubles.fr\/index.php\/wp-json\/wp\/v2\/types\/page"}],"author":[{"embeddable":true,"href":"https:\/\/giraudmeubles.fr\/index.php\/wp-json\/wp\/v2\/users\/1"}],"replies":[{"embeddable":true,"href":"https:\/\/giraudmeubles.fr\/index.php\/wp-json\/wp\/v2\/comments?post=461"}],"version-history":[{"count":25,"href":"https:\/\/giraudmeubles.fr\/index.php\/wp-json\/wp\/v2\/pages\/461\/revisions"}],"predecessor-version":[{"id":751,"href":"https:\/\/giraudmeubles.fr\/index.php\/wp-json\/wp\/v2\/pages\/461\/revisions\/751"}],"wp:attachment":[{"href":"https:\/\/giraudmeubles.fr\/index.php\/wp-json\/wp\/v2\/media?parent=461"}],"curies":[{"name":"wp","href":"https:\/\/api.w.org\/{rel}","templated":true}]}}